{"id":2,"date":"2025-11-20T15:48:00","date_gmt":"2025-11-20T15:48:00","guid":{"rendered":"https:\/\/lastekehatugi.ee\/?page_id=2"},"modified":"2025-12-01T09:28:00","modified_gmt":"2025-12-01T09:28:00","slug":"sample-page","status":"publish","type":"page","link":"https:\/\/lastekehatugi.ee\/?page_id=2","title":{"rendered":"\u0422\u0435\u0440\u0430\u043f\u0435\u0432\u0442"},"content":{"rendered":"\n<figure class=\"wp-block-image size-full is-resized\"><img loading=\"lazy\" decoding=\"async\" width=\"768\" height=\"1024\" src=\"https:\/\/lastekehatugi.ee\/wp-content\/uploads\/2025\/11\/Nadezda-2.jpg\" alt=\"\" class=\"wp-image-11\" style=\"width:344px;height:auto\" srcset=\"https:\/\/lastekehatugi.ee\/wp-content\/uploads\/2025\/11\/Nadezda-2.jpg 768w, https:\/\/lastekehatugi.ee\/wp-content\/uploads\/2025\/11\/Nadezda-2-225x300.jpg 225w\" sizes=\"auto, (max-width: 768px) 100vw, 768px\" \/><\/figure>\n\n\n\n<p><strong>\u041d\u0430\u0434\u0435\u0436\u0434\u0430 \u041f\u0430\u043b\u043b\u0430\u0441\u0435 \u2013 \u041c\u0430\u0441\u0441\u0430\u0436\u0438\u0441\u0442 \u0438 \u0434\u0435\u0442\u0441\u043a\u0438\u0439 \u043c\u0430\u0441\u0441\u0430\u0436\u043d\u044b\u0439 \u0442\u0435\u0440\u0430\u043f\u0435\u0432\u0442<\/strong><\/p>\n\n\n\n<p><strong><br><\/strong>\u0421 2020 \u0433\u043e\u0434\u0430 \u0440\u0430\u0431\u043e\u0442\u0430\u044e \u043c\u0430\u0441\u0441\u0430\u0436\u0438\u0441\u0442\u043e\u043c \u0438 \u0434\u0435\u0442\u0441\u043a\u0438\u043c \u043c\u0430\u0441\u0441\u0430\u0436\u043d\u044b\u043c \u0442\u0435\u0440\u0430\u043f\u0435\u0432\u0442\u043e\u043c, \u043f\u0440\u0435\u0434\u043b\u0430\u0433\u0430\u044f \u043f\u0440\u043e\u0444\u0435\u0441\u0441\u0438\u043e\u043d\u0430\u043b\u044c\u043d\u044b\u0439 \u0438 \u0437\u0430\u0431\u043e\u0442\u043b\u0438\u0432\u044b\u0439 \u043f\u043e\u0434\u0445\u043e\u0434 \u043a \u043a\u0430\u0436\u0434\u043e\u043c\u0443 \u0440\u0435\u0431\u0435\u043d\u043a\u0443. \u041c\u043e\u044f \u0446\u0435\u043b\u044c \u2014 \u043f\u043e\u0434\u0434\u0435\u0440\u0436\u0438\u0432\u0430\u0442\u044c \u0444\u0438\u0437\u0438\u0447\u0435\u0441\u043a\u043e\u0435 \u0438 \u044d\u043c\u043e\u0446\u0438\u043e\u043d\u0430\u043b\u044c\u043d\u043e\u0435 \u0440\u0430\u0437\u0432\u0438\u0442\u0438\u0435 \u0434\u0435\u0442\u0435\u0439 \u0447\u0435\u0440\u0435\u0437 \u0431\u0435\u0437\u043e\u043f\u0430\u0441\u043d\u044b\u0439 \u0438 \u0440\u0430\u0441\u0441\u043b\u0430\u0431\u043b\u044f\u044e\u0449\u0438\u0439 \u043c\u0430\u0441\u0441\u0430\u0436\u043d\u044b\u0439 \u043e\u043f\u044b\u0442.<\/p>\n\n\n\n<p>\u042f\u0432\u043b\u044f\u044e\u0441\u044c \u0430\u0432\u0442\u043e\u0440\u043e\u043c \u0441\u043e\u0431\u0441\u0442\u0432\u0435\u043d\u043d\u044b\u0445 \u0430\u0432\u0442\u043e\u0440\u0441\u043a\u0438\u0445 \u043a\u0443\u0440\u0441\u043e\u0432 \u0434\u0435\u0442\u0441\u043a\u043e\u0433\u043e \u0441\u0430\u043c\u043e\u043c\u0430\u0441\u0441\u0430\u0436\u0430. \u0422\u0430\u043a\u0436\u0435 \u043e\u0431\u0443\u0447\u0430\u044e \u0431\u0443\u0434\u0443\u0449\u0438\u0445 \u043c\u0430\u0441\u0441\u0430\u0436\u0438\u0441\u0442\u043e\u0432 \u0438 \u0434\u0435\u0442\u0441\u043a\u0438\u0445 \u043c\u0430\u0441\u0441\u0430\u0436\u043d\u044b\u0445 \u0442\u0435\u0440\u0430\u043f\u0435\u0432\u0442\u043e\u0432 \u0440\u0430\u0437\u043b\u0438\u0447\u043d\u044b\u043c \u0434\u0435\u0442\u0441\u043a\u0438\u043c \u043c\u0435\u0442\u043e\u0434\u0438\u043a\u0430\u043c \u043c\u0430\u0441\u0441\u0430\u0436\u0430. \u041c\u043e\u0438 \u043f\u0440\u043e\u0433\u0440\u0430\u043c\u043c\u044b \u043d\u0430\u043f\u0440\u0430\u0432\u043b\u0435\u043d\u044b \u043d\u0430 \u0433\u043b\u0443\u0431\u043e\u043a\u043e\u0435 \u043f\u043e\u043d\u0438\u043c\u0430\u043d\u0438\u0435 \u0434\u0435\u0442\u0441\u043a\u043e\u0433\u043e \u043e\u0440\u0433\u0430\u043d\u0438\u0437\u043c\u0430, \u0440\u0430\u0437\u0432\u0438\u0442\u0438\u0435 \u043f\u0440\u043e\u0444\u0435\u0441\u0441\u0438\u043e\u043d\u0430\u043b\u044c\u043d\u044b\u0445 \u043d\u0430\u0432\u044b\u043a\u043e\u0432 \u0438 \u044d\u0444\u0444\u0435\u043a\u0442\u0438\u0432\u043d\u043e\u0435 \u043f\u0440\u0438\u043c\u0435\u043d\u0435\u043d\u0438\u0435 \u0442\u0435\u0445\u043d\u0438\u043a, \u043a\u043e\u0442\u043e\u0440\u044b\u0435 \u043f\u043e\u043c\u043e\u0433\u0430\u044e\u0442 \u0434\u0435\u0442\u044f\u043c \u0447\u0443\u0432\u0441\u0442\u0432\u043e\u0432\u0430\u0442\u044c \u0441\u0435\u0431\u044f \u0437\u0434\u043e\u0440\u043e\u0432\u044b\u043c\u0438 \u0438 \u0441\u043f\u043e\u043a\u043e\u0439\u043d\u044b\u043c\u0438.<\/p>\n\n\n\n<p><strong>\u041e\u0431\u0440\u0430\u0437\u043e\u0432\u0430\u043d\u0438\u0435 \u0438 \u043a\u0432\u0430\u043b\u0438\u0444\u0438\u043a\u0430\u0446\u0438\u044f:<\/strong><\/p>\n\n\n\n<ul class=\"wp-block-list\">\n<li>Eesti Massaa\u017ei- ja Teraapiakool, Lastemassaa\u017eiterapeut, Tase 6<\/li>\n\n\n\n<li>Eesti Massaa\u017ei- ja Teraapiakool, Mass\u00f6\u00f6r, Tase 5<\/li>\n\n\n\n<li>Eesti Massaa\u017ei- ja Teraapiakool,\u00a0Alla \u00fcheaastaste laste neuroloogilised probleemid<\/li>\n\n\n\n<li>Eesti Massaa\u017ei- ja Teraapiakool,\u00a0Erivajadustega lastemassaaz (Technique MEBR\u00ae)<\/li>\n\n\n\n<li>Eesti Massaa\u017ei- ja Teraapiakool,\u00a0Logopeedilise-ja sondimassaa\u017e<\/li>\n<\/ul>\n\n\n\n<p><strong>\u0423\u0441\u043b\u0443\u0433\u0438 \u0438 \u043f\u0440\u043e\u0444\u0435\u0441\u0441\u0438\u043e\u043d\u0430\u043b\u044c\u043d\u044b\u0435 \u043d\u0430\u0432\u044b\u043a\u0438:<\/strong><\/p>\n\n\n\n<ul class=\"wp-block-list\">\n<li>\u041f\u0440\u043e\u0444\u0438\u043b\u0430\u043a\u0442\u0438\u0447\u0435\u0441\u043a\u0438\u0439 \u0434\u0435\u0442\u0441\u043a\u0438\u0439 \u043c\u0430\u0441\u0441\u0430\u0436 \u0434\u043b\u044f \u0433\u0430\u0440\u043c\u043e\u043d\u0438\u0447\u043d\u043e\u0433\u043e \u0440\u0430\u0437\u0432\u0438\u0442\u0438\u044f \u0438 \u0445\u043e\u0440\u043e\u0448\u0435\u0433\u043e \u0441\u0430\u043c\u043e\u0447\u0443\u0432\u0441\u0442\u0432\u0438\u044f<\/li>\n\n\n\n<li>\u041b\u0435\u0447\u0435\u0431\u043d\u044b\u0439 \u043c\u0430\u0441\u0441\u0430\u0436 \u043f\u0440\u0438 \u0440\u0430\u0437\u043b\u0438\u0447\u043d\u044b\u0445 \u0444\u0438\u0437\u0438\u0447\u0435\u0441\u043a\u0438\u0445 \u0438 \u044d\u043c\u043e\u0446\u0438\u043e\u043d\u0430\u043b\u044c\u043d\u044b\u0445 \u0441\u043e\u0441\u0442\u043e\u044f\u043d\u0438\u044f\u0445<\/li>\n\n\n\n<li>\u041b\u043e\u0433\u043e\u043f\u0435\u0434\u0438\u0447\u0435\u0441\u043a\u0438\u0439 \u043c\u0430\u0441\u0441\u0430\u0436 \u0434\u043b\u044f \u0443\u043b\u0443\u0447\u0448\u0435\u043d\u0438\u044f \u0440\u0435\u0447\u0435\u0432\u044b\u0445 \u043d\u0430\u0432\u044b\u043a\u043e\u0432 \u0438 \u043c\u044b\u0448\u0435\u0447\u043d\u043e\u0433\u043e \u0442\u043e\u043d\u0443\u0441\u0430<\/li>\n\n\n\n<li>\u041c\u0430\u0441\u0441\u0430\u0436 \u0434\u043b\u044f \u0434\u0435\u0442\u0435\u0439 \u0441 \u043e\u0441\u043e\u0431\u044b\u043c\u0438 \u043f\u043e\u0442\u0440\u0435\u0431\u043d\u043e\u0441\u0442\u044f\u043c\u0438, \u0443\u0447\u0438\u0442\u044b\u0432\u0430\u044e\u0449\u0438\u0439 \u0438\u043d\u0434\u0438\u0432\u0438\u0434\u0443\u0430\u043b\u044c\u043d\u044b\u0435 \u043e\u0441\u043e\u0431\u0435\u043d\u043d\u043e\u0441\u0442\u0438<\/li>\n\n\n\n<li>\u0414\u0435\u0442\u0441\u043a\u0438\u0439 \u0441\u0430\u043c\u043e\u043c\u0430\u0441\u0441\u0430\u0436 \u043d\u0430\u0442\u0443\u0440\u0430\u043b\u044c\u043d\u044b\u043c\u0438 \u043f\u0440\u0438\u0440\u043e\u0434\u043d\u044b\u043c\u0438 \u043c\u0430\u0442\u0435\u0440\u0438\u0430\u043b\u0430\u043c\u0438<\/li>\n\n\n\n<li>\u041e\u0431\u0443\u0447\u0435\u043d\u0438\u0435 \u0440\u043e\u0434\u0438\u0442\u0435\u043b\u0435\u0439 \u043f\u0440\u043e\u0444\u0438\u043b\u0430\u043a\u0442\u0438\u0447\u0435\u0441\u043a\u043e\u043c\u0443 \u043c\u0430\u0441\u0441\u0430\u0436\u0443 \u0434\u043b\u044f \u0440\u0435\u0433\u0443\u043b\u044f\u0440\u043d\u043e\u0439 \u0437\u0430\u0431\u043e\u0442\u044b \u043e \u0440\u0435\u0431\u0435\u043d\u043a\u0435 \u0434\u043e\u043c\u0430<\/li>\n\n\n\n<li>\u041e\u0431\u0443\u0447\u0435\u043d\u0438\u0435 \u043c\u0430\u0441\u0441\u0430\u0436\u0438\u0441\u0442\u043e\u0432 \u0438 \u043c\u0430\u0441\u0441\u0430\u0436\u043d\u044b\u0445 \u0442\u0435\u0440\u0430\u043f\u0435\u0432\u0442\u043e\u0432 \u0434\u0435\u0442\u0441\u043a\u0438\u043c \u0442\u0435\u0445\u043d\u0438\u043a\u0430\u043c \u0438 \u043f\u0440\u043e\u0444\u0435\u0441\u0441\u0438\u043e\u043d\u0430\u043b\u044c\u043d\u044b\u043c \u043c\u0435\u0442\u043e\u0434\u0438\u043a\u0430\u043c<\/li>\n<\/ul>\n\n\n\n<p><strong>\u041c\u043e\u0439 \u043f\u043e\u0434\u0445\u043e\u0434:<\/strong><br>\u042f \u0443\u0447\u0438\u0442\u044b\u0432\u0430\u044e \u0443\u043d\u0438\u043a\u0430\u043b\u044c\u043d\u044b\u0435 \u043e\u0441\u043e\u0431\u0435\u043d\u043d\u043e\u0441\u0442\u0438 \u043a\u0430\u0436\u0434\u043e\u0433\u043e \u0440\u0435\u0431\u0435\u043d\u043a\u0430, \u0430\u0434\u0430\u043f\u0442\u0438\u0440\u0443\u044f \u043c\u0430\u0441\u0441\u0430\u0436 \u043f\u043e\u0434 \u0435\u0433\u043e \u0444\u0438\u0437\u0438\u0447\u0435\u0441\u043a\u0438\u0435 \u0438 \u044d\u043c\u043e\u0446\u0438\u043e\u043d\u0430\u043b\u044c\u043d\u044b\u0435 \u043f\u043e\u0442\u0440\u0435\u0431\u043d\u043e\u0441\u0442\u0438. \u041c\u043e\u0439 \u043c\u0430\u0441\u0441\u0430\u0436 \u043e\u0441\u043d\u043e\u0432\u044b\u0432\u0430\u0435\u0442\u0441\u044f \u043d\u0430 \u0438\u043d\u0434\u0438\u0432\u0438\u0434\u0443\u0430\u043b\u044c\u043d\u044b\u0445 \u043f\u043e\u0442\u0440\u0435\u0431\u043d\u043e\u0441\u0442\u044f\u0445 \u0440\u0435\u0431\u0435\u043d\u043a\u0430 \u0438 \u043f\u0440\u043e\u0432\u043e\u0434\u0438\u0442\u0441\u044f \u0431\u0435\u0437\u043e\u043f\u0430\u0441\u043d\u043e \u0438 \u0442\u0432\u043e\u0440\u0447\u0435\u0441\u043a\u0438. \u0414\u043b\u044f \u043c\u0435\u043d\u044f \u0432\u0430\u0436\u043d\u043e, \u0447\u0442\u043e\u0431\u044b \u043a\u0430\u0436\u0434\u044b\u0439 \u0440\u0435\u0431\u0435\u043d\u043e\u043a \u0447\u0443\u0432\u0441\u0442\u0432\u043e\u0432\u0430\u043b \u0441\u0435\u0431\u044f \u0441\u043f\u043e\u043a\u043e\u0439\u043d\u043e \u0438 \u0443\u0432\u0435\u0440\u0435\u043d\u043d\u043e.<\/p>\n\n\n\n<p><strong>\u041f\u043e\u0447\u0435\u043c\u0443 \u0441\u0442\u043e\u0438\u0442 \u0432\u044b\u0431\u0440\u0430\u0442\u044c \u043c\u0435\u043d\u044f:<\/strong><\/p>\n\n\n\n<ul class=\"wp-block-list\">\n<li>\u041a\u0440\u0435\u043f\u043a\u043e\u0435 \u043f\u0440\u043e\u0444\u0435\u0441\u0441\u0438\u043e\u043d\u0430\u043b\u044c\u043d\u043e\u0435 \u043e\u0431\u0440\u0430\u0437\u043e\u0432\u0430\u043d\u0438\u0435 \u0432 \u043e\u0431\u043b\u0430\u0441\u0442\u0438 \u043c\u0430\u0441\u0441\u0430\u0436\u0430 \u0438 \u0442\u0435\u0440\u0430\u043f\u0438\u0438<\/li>\n\n\n\n<li>\u0413\u043b\u0443\u0431\u043e\u043a\u043e\u0435 \u043f\u043e\u043d\u0438\u043c\u0430\u043d\u0438\u0435 \u0430\u043d\u0430\u0442\u043e\u043c\u0438\u0438, \u043f\u0430\u0442\u043e\u043b\u043e\u0433\u0438\u0438 \u0438 \u044d\u0442\u0430\u043f\u043e\u0432 \u0440\u0430\u0437\u0432\u0438\u0442\u0438\u044f \u0440\u0435\u0431\u0435\u043d\u043a\u0430<\/li>\n\n\n\n<li>\u041c\u043d\u043e\u0433\u043e\u043b\u0435\u0442\u043d\u0438\u0439 \u043e\u043f\u044b\u0442 \u0440\u0430\u0431\u043e\u0442\u044b \u0441 \u0434\u0435\u0442\u044c\u043c\u0438 \u0438 \u043c\u043b\u0430\u0434\u0435\u043d\u0446\u0430\u043c\u0438<\/li>\n\n\n\n<li>\u0418\u043d\u0434\u0438\u0432\u0438\u0434\u0443\u0430\u043b\u044c\u043d\u044b\u0439 \u043f\u043e\u0434\u0445\u043e\u0434<\/li>\n\n\n\n<li>\u0424\u043e\u043a\u0443\u0441 \u043d\u0430 \u0431\u043b\u0430\u0433\u043e\u043f\u043e\u043b\u0443\u0447\u0438\u0438 \u0440\u0435\u0431\u0435\u043d\u043a\u0430 \u0438 \u0441\u043d\u0438\u0436\u0435\u043d\u0438\u0438 \u0441\u0442\u0440\u0435\u0441\u0441\u0430<\/li>\n<\/ul>\n","protected":false},"excerpt":{"rendered":"<p>\u041d\u0430\u0434\u0435\u0436\u0434\u0430 \u041f\u0430\u043b\u043b\u0430\u0441\u0435 \u2013 \u041c\u0430\u0441\u0441\u0430\u0436\u0438\u0441\u0442 \u0438 \u0434\u0435\u0442\u0441\u043a\u0438\u0439 \u043c\u0430\u0441\u0441\u0430\u0436\u043d\u044b\u0439 \u0442\u0435\u0440\u0430\u043f\u0435\u0432\u0442 \u0421 2020 \u0433\u043e\u0434\u0430 \u0440\u0430\u0431\u043e\u0442\u0430\u044e \u043c\u0430\u0441\u0441\u0430\u0436\u0438\u0441\u0442\u043e\u043c \u0438 \u0434\u0435\u0442\u0441\u043a\u0438\u043c \u043c\u0430\u0441\u0441\u0430\u0436\u043d\u044b\u043c \u0442\u0435\u0440\u0430\u043f\u0435\u0432\u0442\u043e\u043c, \u043f\u0440\u0435\u0434\u043b\u0430\u0433\u0430\u044f \u043f\u0440\u043e\u0444\u0435\u0441\u0441\u0438\u043e\u043d\u0430\u043b\u044c\u043d\u044b\u0439 \u0438 \u0437\u0430\u0431\u043e\u0442\u043b\u0438\u0432\u044b\u0439 \u043f\u043e\u0434\u0445\u043e\u0434 \u043a \u043a\u0430\u0436\u0434\u043e\u043c\u0443 \u0440\u0435\u0431\u0435\u043d\u043a\u0443. \u041c\u043e\u044f \u0446\u0435\u043b\u044c \u2014 \u043f\u043e\u0434\u0434\u0435\u0440\u0436\u0438\u0432\u0430\u0442\u044c \u0444\u0438\u0437\u0438\u0447\u0435\u0441\u043a\u043e\u0435 \u0438 \u044d\u043c\u043e\u0446\u0438\u043e\u043d\u0430\u043b\u044c\u043d\u043e\u0435 \u0440\u0430\u0437\u0432\u0438\u0442\u0438\u0435 \u0434\u0435\u0442\u0435\u0439 \u0447\u0435\u0440\u0435\u0437 \u0431\u0435\u0437\u043e\u043f\u0430\u0441\u043d\u044b\u0439 \u0438 \u0440\u0430\u0441\u0441\u043b\u0430\u0431\u043b\u044f\u044e\u0449\u0438\u0439 \u043c\u0430\u0441\u0441\u0430\u0436\u043d\u044b\u0439 \u043e\u043f\u044b\u0442. \u042f\u0432\u043b\u044f\u044e\u0441\u044c \u0430\u0432\u0442\u043e\u0440\u043e\u043c \u0441\u043e\u0431\u0441\u0442\u0432\u0435\u043d\u043d\u044b\u0445 \u0430\u0432\u0442\u043e\u0440\u0441\u043a\u0438\u0445 \u043a\u0443\u0440\u0441\u043e\u0432 \u0434\u0435\u0442\u0441\u043a\u043e\u0433\u043e \u0441\u0430\u043c\u043e\u043c\u0430\u0441\u0441\u0430\u0436\u0430. \u0422\u0430\u043a\u0436\u0435 \u043e\u0431\u0443\u0447\u0430\u044e \u0431\u0443\u0434\u0443\u0449\u0438\u0445 \u043c\u0430\u0441\u0441\u0430\u0436\u0438\u0441\u0442\u043e\u0432 \u0438 \u0434\u0435\u0442\u0441\u043a\u0438\u0445 \u043c\u0430\u0441\u0441\u0430\u0436\u043d\u044b\u0445 \u0442\u0435\u0440\u0430\u043f\u0435\u0432\u0442\u043e\u0432 [&hellip;]<\/p>\n","protected":false},"author":1,"featured_media":0,"parent":0,"menu_order":1,"comment_status":"closed","ping_status":"closed","template":"","meta":{"footnotes":""},"class_list":["post-2","page","type-page","status-publish","hentry"],"yoast_head":"<!-- This site is optimized with the Yoast SEO plugin v26.4 - https:\/\/yoast.com\/wordpress\/plugins\/seo\/ -->\n<title>\u0422\u0435\u0440\u0430\u043f\u0435\u0432\u0442 - LasteKehaTugi<\/title>\n<meta name=\"robots\" content=\"index, follow, max-snippet:-1, max-image-preview:large, max-video-preview:-1\" \/>\n<link rel=\"canonical\" href=\"https:\/\/lastekehatugi.ee\/?page_id=2\" \/>\n<meta property=\"og:locale\" content=\"et_EE\" \/>\n<meta property=\"og:type\" content=\"article\" \/>\n<meta property=\"og:title\" content=\"\u0422\u0435\u0440\u0430\u043f\u0435\u0432\u0442 - LasteKehaTugi\" \/>\n<meta property=\"og:description\" content=\"\u041d\u0430\u0434\u0435\u0436\u0434\u0430 \u041f\u0430\u043b\u043b\u0430\u0441\u0435 \u2013 \u041c\u0430\u0441\u0441\u0430\u0436\u0438\u0441\u0442 \u0438 \u0434\u0435\u0442\u0441\u043a\u0438\u0439 \u043c\u0430\u0441\u0441\u0430\u0436\u043d\u044b\u0439 \u0442\u0435\u0440\u0430\u043f\u0435\u0432\u0442 \u0421 2020 \u0433\u043e\u0434\u0430 \u0440\u0430\u0431\u043e\u0442\u0430\u044e \u043c\u0430\u0441\u0441\u0430\u0436\u0438\u0441\u0442\u043e\u043c \u0438 \u0434\u0435\u0442\u0441\u043a\u0438\u043c \u043c\u0430\u0441\u0441\u0430\u0436\u043d\u044b\u043c \u0442\u0435\u0440\u0430\u043f\u0435\u0432\u0442\u043e\u043c, \u043f\u0440\u0435\u0434\u043b\u0430\u0433\u0430\u044f \u043f\u0440\u043e\u0444\u0435\u0441\u0441\u0438\u043e\u043d\u0430\u043b\u044c\u043d\u044b\u0439 \u0438 \u0437\u0430\u0431\u043e\u0442\u043b\u0438\u0432\u044b\u0439 \u043f\u043e\u0434\u0445\u043e\u0434 \u043a \u043a\u0430\u0436\u0434\u043e\u043c\u0443 \u0440\u0435\u0431\u0435\u043d\u043a\u0443. \u041c\u043e\u044f \u0446\u0435\u043b\u044c \u2014 \u043f\u043e\u0434\u0434\u0435\u0440\u0436\u0438\u0432\u0430\u0442\u044c \u0444\u0438\u0437\u0438\u0447\u0435\u0441\u043a\u043e\u0435 \u0438 \u044d\u043c\u043e\u0446\u0438\u043e\u043d\u0430\u043b\u044c\u043d\u043e\u0435 \u0440\u0430\u0437\u0432\u0438\u0442\u0438\u0435 \u0434\u0435\u0442\u0435\u0439 \u0447\u0435\u0440\u0435\u0437 \u0431\u0435\u0437\u043e\u043f\u0430\u0441\u043d\u044b\u0439 \u0438 \u0440\u0430\u0441\u0441\u043b\u0430\u0431\u043b\u044f\u044e\u0449\u0438\u0439 \u043c\u0430\u0441\u0441\u0430\u0436\u043d\u044b\u0439 \u043e\u043f\u044b\u0442. \u042f\u0432\u043b\u044f\u044e\u0441\u044c \u0430\u0432\u0442\u043e\u0440\u043e\u043c \u0441\u043e\u0431\u0441\u0442\u0432\u0435\u043d\u043d\u044b\u0445 \u0430\u0432\u0442\u043e\u0440\u0441\u043a\u0438\u0445 \u043a\u0443\u0440\u0441\u043e\u0432 \u0434\u0435\u0442\u0441\u043a\u043e\u0433\u043e \u0441\u0430\u043c\u043e\u043c\u0430\u0441\u0441\u0430\u0436\u0430. \u0422\u0430\u043a\u0436\u0435 \u043e\u0431\u0443\u0447\u0430\u044e \u0431\u0443\u0434\u0443\u0449\u0438\u0445 \u043c\u0430\u0441\u0441\u0430\u0436\u0438\u0441\u0442\u043e\u0432 \u0438 \u0434\u0435\u0442\u0441\u043a\u0438\u0445 \u043c\u0430\u0441\u0441\u0430\u0436\u043d\u044b\u0445 \u0442\u0435\u0440\u0430\u043f\u0435\u0432\u0442\u043e\u0432 [&hellip;]\" \/>\n<meta property=\"og:url\" content=\"https:\/\/lastekehatugi.ee\/?page_id=2\" \/>\n<meta property=\"og:site_name\" content=\"LasteKehaTugi\" \/>\n<meta property=\"article:publisher\" content=\"https:\/\/www.facebook.com\/profile.php?id=100008305992905\" \/>\n<meta property=\"article:modified_time\" content=\"2025-12-01T09:28:00+00:00\" \/>\n<meta property=\"og:image\" content=\"https:\/\/lastekehatugi.ee\/wp-content\/uploads\/2025\/11\/Nadezda-2.jpg\" \/>\n\t<meta property=\"og:image:width\" content=\"768\" \/>\n\t<meta property=\"og:image:height\" content=\"1024\" \/>\n\t<meta property=\"og:image:type\" content=\"image\/jpeg\" \/>\n<meta name=\"twitter:card\" content=\"summary_large_image\" \/>\n<meta name=\"twitter:label1\" content=\"Est. reading time\" \/>\n\t<meta name=\"twitter:data1\" content=\"2 minutit\" \/>\n<script type=\"application\/ld+json\" class=\"yoast-schema-graph\">{\"@context\":\"https:\/\/schema.org\",\"@graph\":[{\"@type\":\"WebPage\",\"@id\":\"https:\/\/lastekehatugi.ee\/?page_id=2\",\"url\":\"https:\/\/lastekehatugi.ee\/?page_id=2\",\"name\":\"\u0422\u0435\u0440\u0430\u043f\u0435\u0432\u0442 - LasteKehaTugi\",\"isPartOf\":{\"@id\":\"https:\/\/lastekehatugi.ee\/#website\"},\"primaryImageOfPage\":{\"@id\":\"https:\/\/lastekehatugi.ee\/?page_id=2#primaryimage\"},\"image\":{\"@id\":\"https:\/\/lastekehatugi.ee\/?page_id=2#primaryimage\"},\"thumbnailUrl\":\"https:\/\/lastekehatugi.ee\/wp-content\/uploads\/2025\/11\/Nadezda-2.jpg\",\"datePublished\":\"2025-11-20T15:48:00+00:00\",\"dateModified\":\"2025-12-01T09:28:00+00:00\",\"breadcrumb\":{\"@id\":\"https:\/\/lastekehatugi.ee\/?page_id=2#breadcrumb\"},\"inLanguage\":\"et\",\"potentialAction\":[{\"@type\":\"ReadAction\",\"target\":[\"https:\/\/lastekehatugi.ee\/?page_id=2\"]}]},{\"@type\":\"ImageObject\",\"inLanguage\":\"et\",\"@id\":\"https:\/\/lastekehatugi.ee\/?page_id=2#primaryimage\",\"url\":\"https:\/\/lastekehatugi.ee\/wp-content\/uploads\/2025\/11\/Nadezda-2.jpg\",\"contentUrl\":\"https:\/\/lastekehatugi.ee\/wp-content\/uploads\/2025\/11\/Nadezda-2.jpg\",\"width\":768,\"height\":1024},{\"@type\":\"BreadcrumbList\",\"@id\":\"https:\/\/lastekehatugi.ee\/?page_id=2#breadcrumb\",\"itemListElement\":[{\"@type\":\"ListItem\",\"position\":1,\"name\":\"Home\",\"item\":\"https:\/\/lastekehatugi.ee\/\"},{\"@type\":\"ListItem\",\"position\":2,\"name\":\"\u0422\u0435\u0440\u0430\u043f\u0435\u0432\u0442\"}]},{\"@type\":\"WebSite\",\"@id\":\"https:\/\/lastekehatugi.ee\/#website\",\"url\":\"https:\/\/lastekehatugi.ee\/\",\"name\":\"LasteKehaTugi\",\"description\":\"laste teraapia, laste massaaz\",\"publisher\":{\"@id\":\"https:\/\/lastekehatugi.ee\/#organization\"},\"inLanguage\":\"et\"},{\"@type\":\"Organization\",\"@id\":\"https:\/\/lastekehatugi.ee\/#organization\",\"name\":\"Laranta O\u00dc\",\"url\":\"https:\/\/lastekehatugi.ee\/\",\"logo\":{\"@type\":\"ImageObject\",\"inLanguage\":\"et\",\"@id\":\"https:\/\/lastekehatugi.ee\/#\/schema\/logo\/image\/\",\"url\":\"https:\/\/lastekehatugi.ee\/wp-content\/uploads\/2025\/12\/logo_psd_2025_jpg.jpg\",\"contentUrl\":\"https:\/\/lastekehatugi.ee\/wp-content\/uploads\/2025\/12\/logo_psd_2025_jpg.jpg\",\"width\":675,\"height\":532,\"caption\":\"Laranta O\u00dc\"},\"image\":{\"@id\":\"https:\/\/lastekehatugi.ee\/#\/schema\/logo\/image\/\"},\"sameAs\":[\"https:\/\/www.facebook.com\/profile.php?id=100008305992905\"]}]}<\/script>\n<!-- \/ Yoast SEO plugin. -->","yoast_head_json":{"title":"\u0422\u0435\u0440\u0430\u043f\u0435\u0432\u0442 - LasteKehaTugi","robots":{"index":"index","follow":"follow","max-snippet":"max-snippet:-1","max-image-preview":"max-image-preview:large","max-video-preview":"max-video-preview:-1"},"canonical":"https:\/\/lastekehatugi.ee\/?page_id=2","og_locale":"et_EE","og_type":"article","og_title":"\u0422\u0435\u0440\u0430\u043f\u0435\u0432\u0442 - LasteKehaTugi","og_description":"\u041d\u0430\u0434\u0435\u0436\u0434\u0430 \u041f\u0430\u043b\u043b\u0430\u0441\u0435 \u2013 \u041c\u0430\u0441\u0441\u0430\u0436\u0438\u0441\u0442 \u0438 \u0434\u0435\u0442\u0441\u043a\u0438\u0439 \u043c\u0430\u0441\u0441\u0430\u0436\u043d\u044b\u0439 \u0442\u0435\u0440\u0430\u043f\u0435\u0432\u0442 \u0421 2020 \u0433\u043e\u0434\u0430 \u0440\u0430\u0431\u043e\u0442\u0430\u044e \u043c\u0430\u0441\u0441\u0430\u0436\u0438\u0441\u0442\u043e\u043c \u0438 \u0434\u0435\u0442\u0441\u043a\u0438\u043c \u043c\u0430\u0441\u0441\u0430\u0436\u043d\u044b\u043c \u0442\u0435\u0440\u0430\u043f\u0435\u0432\u0442\u043e\u043c, \u043f\u0440\u0435\u0434\u043b\u0430\u0433\u0430\u044f \u043f\u0440\u043e\u0444\u0435\u0441\u0441\u0438\u043e\u043d\u0430\u043b\u044c\u043d\u044b\u0439 \u0438 \u0437\u0430\u0431\u043e\u0442\u043b\u0438\u0432\u044b\u0439 \u043f\u043e\u0434\u0445\u043e\u0434 \u043a \u043a\u0430\u0436\u0434\u043e\u043c\u0443 \u0440\u0435\u0431\u0435\u043d\u043a\u0443. \u041c\u043e\u044f \u0446\u0435\u043b\u044c \u2014 \u043f\u043e\u0434\u0434\u0435\u0440\u0436\u0438\u0432\u0430\u0442\u044c \u0444\u0438\u0437\u0438\u0447\u0435\u0441\u043a\u043e\u0435 \u0438 \u044d\u043c\u043e\u0446\u0438\u043e\u043d\u0430\u043b\u044c\u043d\u043e\u0435 \u0440\u0430\u0437\u0432\u0438\u0442\u0438\u0435 \u0434\u0435\u0442\u0435\u0439 \u0447\u0435\u0440\u0435\u0437 \u0431\u0435\u0437\u043e\u043f\u0430\u0441\u043d\u044b\u0439 \u0438 \u0440\u0430\u0441\u0441\u043b\u0430\u0431\u043b\u044f\u044e\u0449\u0438\u0439 \u043c\u0430\u0441\u0441\u0430\u0436\u043d\u044b\u0439 \u043e\u043f\u044b\u0442. \u042f\u0432\u043b\u044f\u044e\u0441\u044c \u0430\u0432\u0442\u043e\u0440\u043e\u043c \u0441\u043e\u0431\u0441\u0442\u0432\u0435\u043d\u043d\u044b\u0445 \u0430\u0432\u0442\u043e\u0440\u0441\u043a\u0438\u0445 \u043a\u0443\u0440\u0441\u043e\u0432 \u0434\u0435\u0442\u0441\u043a\u043e\u0433\u043e \u0441\u0430\u043c\u043e\u043c\u0430\u0441\u0441\u0430\u0436\u0430. \u0422\u0430\u043a\u0436\u0435 \u043e\u0431\u0443\u0447\u0430\u044e \u0431\u0443\u0434\u0443\u0449\u0438\u0445 \u043c\u0430\u0441\u0441\u0430\u0436\u0438\u0441\u0442\u043e\u0432 \u0438 \u0434\u0435\u0442\u0441\u043a\u0438\u0445 \u043c\u0430\u0441\u0441\u0430\u0436\u043d\u044b\u0445 \u0442\u0435\u0440\u0430\u043f\u0435\u0432\u0442\u043e\u0432 [&hellip;]","og_url":"https:\/\/lastekehatugi.ee\/?page_id=2","og_site_name":"LasteKehaTugi","article_publisher":"https:\/\/www.facebook.com\/profile.php?id=100008305992905","article_modified_time":"2025-12-01T09:28:00+00:00","og_image":[{"width":768,"height":1024,"url":"https:\/\/lastekehatugi.ee\/wp-content\/uploads\/2025\/11\/Nadezda-2.jpg","type":"image\/jpeg"}],"twitter_card":"summary_large_image","twitter_misc":{"Est. reading time":"2 minutit"},"schema":{"@context":"https:\/\/schema.org","@graph":[{"@type":"WebPage","@id":"https:\/\/lastekehatugi.ee\/?page_id=2","url":"https:\/\/lastekehatugi.ee\/?page_id=2","name":"\u0422\u0435\u0440\u0430\u043f\u0435\u0432\u0442 - LasteKehaTugi","isPartOf":{"@id":"https:\/\/lastekehatugi.ee\/#website"},"primaryImageOfPage":{"@id":"https:\/\/lastekehatugi.ee\/?page_id=2#primaryimage"},"image":{"@id":"https:\/\/lastekehatugi.ee\/?page_id=2#primaryimage"},"thumbnailUrl":"https:\/\/lastekehatugi.ee\/wp-content\/uploads\/2025\/11\/Nadezda-2.jpg","datePublished":"2025-11-20T15:48:00+00:00","dateModified":"2025-12-01T09:28:00+00:00","breadcrumb":{"@id":"https:\/\/lastekehatugi.ee\/?page_id=2#breadcrumb"},"inLanguage":"et","potentialAction":[{"@type":"ReadAction","target":["https:\/\/lastekehatugi.ee\/?page_id=2"]}]},{"@type":"ImageObject","inLanguage":"et","@id":"https:\/\/lastekehatugi.ee\/?page_id=2#primaryimage","url":"https:\/\/lastekehatugi.ee\/wp-content\/uploads\/2025\/11\/Nadezda-2.jpg","contentUrl":"https:\/\/lastekehatugi.ee\/wp-content\/uploads\/2025\/11\/Nadezda-2.jpg","width":768,"height":1024},{"@type":"BreadcrumbList","@id":"https:\/\/lastekehatugi.ee\/?page_id=2#breadcrumb","itemListElement":[{"@type":"ListItem","position":1,"name":"Home","item":"https:\/\/lastekehatugi.ee\/"},{"@type":"ListItem","position":2,"name":"\u0422\u0435\u0440\u0430\u043f\u0435\u0432\u0442"}]},{"@type":"WebSite","@id":"https:\/\/lastekehatugi.ee\/#website","url":"https:\/\/lastekehatugi.ee\/","name":"LasteKehaTugi","description":"laste teraapia, laste massaaz","publisher":{"@id":"https:\/\/lastekehatugi.ee\/#organization"},"inLanguage":"et"},{"@type":"Organization","@id":"https:\/\/lastekehatugi.ee\/#organization","name":"Laranta O\u00dc","url":"https:\/\/lastekehatugi.ee\/","logo":{"@type":"ImageObject","inLanguage":"et","@id":"https:\/\/lastekehatugi.ee\/#\/schema\/logo\/image\/","url":"https:\/\/lastekehatugi.ee\/wp-content\/uploads\/2025\/12\/logo_psd_2025_jpg.jpg","contentUrl":"https:\/\/lastekehatugi.ee\/wp-content\/uploads\/2025\/12\/logo_psd_2025_jpg.jpg","width":675,"height":532,"caption":"Laranta O\u00dc"},"image":{"@id":"https:\/\/lastekehatugi.ee\/#\/schema\/logo\/image\/"},"sameAs":["https:\/\/www.facebook.com\/profile.php?id=100008305992905"]}]}},"_links":{"self":[{"href":"https:\/\/lastekehatugi.ee\/index.php?rest_route=\/wp\/v2\/pages\/2","targetHints":{"allow":["GET"]}}],"collection":[{"href":"https:\/\/lastekehatugi.ee\/index.php?rest_route=\/wp\/v2\/pages"}],"about":[{"href":"https:\/\/lastekehatugi.ee\/index.php?rest_route=\/wp\/v2\/types\/page"}],"author":[{"embeddable":true,"href":"https:\/\/lastekehatugi.ee\/index.php?rest_route=\/wp\/v2\/users\/1"}],"replies":[{"embeddable":true,"href":"https:\/\/lastekehatugi.ee\/index.php?rest_route=%2Fwp%2Fv2%2Fcomments&post=2"}],"version-history":[{"count":5,"href":"https:\/\/lastekehatugi.ee\/index.php?rest_route=\/wp\/v2\/pages\/2\/revisions"}],"predecessor-version":[{"id":45,"href":"https:\/\/lastekehatugi.ee\/index.php?rest_route=\/wp\/v2\/pages\/2\/revisions\/45"}],"wp:attachment":[{"href":"https:\/\/lastekehatugi.ee\/index.php?rest_route=%2Fwp%2Fv2%2Fmedia&parent=2"}],"curies":[{"name":"wp","href":"https:\/\/api.w.org\/{rel}","templated":true}]}}